{"id":1662,"date":"2020-03-13T13:23:33","date_gmt":"2020-03-13T13:23:33","guid":{"rendered":"http:\/\/adventista.hu\/balatonfured\/?page_id=1662"},"modified":"2023-11-05T09:39:30","modified_gmt":"2023-11-05T09:39:30","slug":"hasznos-linkek","status":"publish","type":"page","link":"http:\/\/adventista.hu\/balatonfured\/?page_id=1662","title":{"rendered":"Hasznos linkek"},"content":{"rendered":"\n<p><\/p>\n\n\n\n<p><strong><a href=\"https:\/\/1drv.ms\/f\/s!Al__OQDtRtINlQtm72M1Ms2QJ0ET\">EGW EBOOKS<\/a><\/strong><\/p>\n\n\n\n<h4 class=\"wp-block-heading\"><a href=\"http:\/\/www.adventistaszolokma.net\/a-profetasag-ajandeka-es-ellen-g-white-elete.html?i=1\"><strong>A PR\u00d3F\u00c9TAS\u00c1G AJ\u00c1ND\u00c9KA \u00c9S ELLEN G. WHITE \u00c9LETE<\/strong><\/a><\/h4>\n\n\n\n<h5 class=\"wp-block-heading\"><\/h5>\n\n\n\n<p><\/p>\n","protected":false},"excerpt":{"rendered":"<p>EGW EBOOKS A PR\u00d3F\u00c9TAS\u00c1G AJ\u00c1ND\u00c9KA \u00c9S ELLEN G. WHITE \u00c9LETE<\/p>\n","protected":false},"author":1,"featured_media":0,"parent":0,"menu_order":9,"comment_status":"closed","ping_status":"closed","template":"","meta":{"spay_email":""},"_links":{"self":[{"href":"http:\/\/adventista.hu\/balatonfured\/index.php?rest_route=\/wp\/v2\/pages\/1662"}],"collection":[{"href":"http:\/\/adventista.hu\/balatonfured\/index.php?rest_route=\/wp\/v2\/pages"}],"about":[{"href":"http:\/\/adventista.hu\/balatonfured\/index.php?rest_route=\/wp\/v2\/types\/page"}],"author":[{"embeddable":true,"href":"http:\/\/adventista.hu\/balatonfured\/index.php?rest_route=\/wp\/v2\/users\/1"}],"replies":[{"embeddable":true,"href":"http:\/\/adventista.hu\/balatonfured\/index.php?rest_route=%2Fwp%2Fv2%2Fcomments&post=1662"}],"version-history":[{"count":3,"href":"http:\/\/adventista.hu\/balatonfured\/index.php?rest_route=\/wp\/v2\/pages\/1662\/revisions"}],"predecessor-version":[{"id":2213,"href":"http:\/\/adventista.hu\/balatonfured\/index.php?rest_route=\/wp\/v2\/pages\/1662\/revisions\/2213"}],"wp:attachment":[{"href":"http:\/\/adventista.hu\/balatonfured\/index.php?rest_route=%2Fwp%2Fv2%2Fmedia&parent=1662"}],"curies":[{"name":"wp","href":"https:\/\/api.w.org\/{rel}","templated":true}]}}