{"id":188,"date":"2016-10-03T09:40:02","date_gmt":"2016-10-03T09:40:02","guid":{"rendered":"http:\/\/adventista.hu\/balatonfured\/?page_id=188"},"modified":"2023-11-05T08:54:14","modified_gmt":"2023-11-05T08:54:14","slug":"elerhetoseg","status":"publish","type":"page","link":"http:\/\/adventista.hu\/balatonfured\/elerhetoseg\/","title":{"rendered":"El\u00e9rhet\u0151s\u00e9g"},"content":{"rendered":"<ul>\n<li style=\"list-style-type: none;\">\n<ul>\n<li><strong>Az imaterem c\u00edme:<\/strong><br \/>\n<a href=\"http:\/\/gyulekezetek.adventista.hu\/listing\/balatonfuredi-adventista-gyulekezet\/\">8230 Balatonf\u00fcred Vak Botty\u00e1n utca 1.<\/a><\/li>\n<li><strong>Lelkip\u00e1sztor:<\/strong> Cserp\u00e1n \u00c1d\u00e1m 06-20-2115060<\/li>\n<li><a class=\"o365button\"><span class=\"ms-font-s ms-font-color-themePrimary\" title=\"kalocsaitamas01@gmail.com\"><strong>E-mail c\u00edm<\/strong>: <\/span><\/a><\/li>\n<\/ul>\n<\/li>\n<\/ul>\n","protected":false},"excerpt":{"rendered":"<p>Az imaterem c\u00edme: 8230 Balatonf\u00fcred Vak Botty\u00e1n utca 1. Lelkip\u00e1sztor: Cserp\u00e1n \u00c1d\u00e1m 06-20-2115060 E-mail c\u00edm:<\/p>\n","protected":false},"author":1,"featured_media":0,"parent":0,"menu_order":1,"comment_status":"closed","ping_status":"closed","template":"","meta":{"spay_email":""},"_links":{"self":[{"href":"http:\/\/adventista.hu\/balatonfured\/wp-json\/wp\/v2\/pages\/188"}],"collection":[{"href":"http:\/\/adventista.hu\/balatonfured\/wp-json\/wp\/v2\/pages"}],"about":[{"href":"http:\/\/adventista.hu\/balatonfured\/wp-json\/wp\/v2\/types\/page"}],"author":[{"embeddable":true,"href":"http:\/\/adventista.hu\/balatonfured\/wp-json\/wp\/v2\/users\/1"}],"replies":[{"embeddable":true,"href":"http:\/\/adventista.hu\/balatonfured\/wp-json\/wp\/v2\/comments?post=188"}],"version-history":[{"count":7,"href":"http:\/\/adventista.hu\/balatonfured\/wp-json\/wp\/v2\/pages\/188\/revisions"}],"predecessor-version":[{"id":2204,"href":"http:\/\/adventista.hu\/balatonfured\/wp-json\/wp\/v2\/pages\/188\/revisions\/2204"}],"wp:attachment":[{"href":"http:\/\/adventista.hu\/balatonfured\/wp-json\/wp\/v2\/media?parent=188"}],"curies":[{"name":"wp","href":"https:\/\/api.w.org\/{rel}","templated":true}]}}