{"id":2,"date":"2015-01-29T11:46:40","date_gmt":"2015-01-29T11:46:40","guid":{"rendered":"http:\/\/adventista.hu\/balatonfured\/?page_id=2"},"modified":"2023-11-05T09:37:47","modified_gmt":"2023-11-05T09:37:47","slug":"fooldal","status":"publish","type":"page","link":"http:\/\/adventista.hu\/balatonfured\/","title":{"rendered":"Kezd\u0151lap"},"content":{"rendered":"\n<hr class=\"wp-block-separator has-alpha-channel-opacity\"\/>\n\n\n\n<p>Sok szeretettel k\u00f6sz\u00f6ntj\u00fck a <a href=\"http:\/\/det.adventista.hu\/\">Hetednapi Adventista Egyh\u00e1z<\/a> balatonf\u00fcredi gy\u00fclekezet\u00e9nek weboldal\u00e1n!<\/p>\n\n\n\n<p>\u00c1ld\u00e1sos b\u00f6ng\u00e9sz\u00e9st k\u00edv\u00e1nunk!<\/p>\n\n\n\n<h3 class=\"wp-block-heading\"><span style=\"color: #ff0000;\"><strong>Szombatiskola 9.30 -kor kezd\u0151dik.<\/strong><\/span><\/h3>\n\n\n\n<h3 class=\"wp-block-heading\"><span style=\"color: #ff0000;\"><strong>Istentisztelet 11.00 -kor kezd\u0151dik.<\/strong><\/span><\/h3>\n\n\n\n<p><\/p>\n","protected":false},"excerpt":{"rendered":"<p>Sok szeretettel k\u00f6sz\u00f6ntj\u00fck a Hetednapi Adventista Egyh\u00e1z balatonf\u00fcredi gy\u00fclekezet\u00e9nek weboldal\u00e1n! \u00c1ld\u00e1sos b\u00f6ng\u00e9sz\u00e9st k\u00edv\u00e1nunk! Szombatiskola 9.30 -kor kezd\u0151dik. Istentisztelet 11.00 -kor kezd\u0151dik.<\/p>\n","protected":false},"author":1,"featured_media":0,"parent":0,"menu_order":0,"comment_status":"closed","ping_status":"closed","template":"onecolumn-page.php","meta":{"spay_email":""},"_links":{"self":[{"href":"http:\/\/adventista.hu\/balatonfured\/wp-json\/wp\/v2\/pages\/2"}],"collection":[{"href":"http:\/\/adventista.hu\/balatonfured\/wp-json\/wp\/v2\/pages"}],"about":[{"href":"http:\/\/adventista.hu\/balatonfured\/wp-json\/wp\/v2\/types\/page"}],"author":[{"embeddable":true,"href":"http:\/\/adventista.hu\/balatonfured\/wp-json\/wp\/v2\/users\/1"}],"replies":[{"embeddable":true,"href":"http:\/\/adventista.hu\/balatonfured\/wp-json\/wp\/v2\/comments?post=2"}],"version-history":[{"count":63,"href":"http:\/\/adventista.hu\/balatonfured\/wp-json\/wp\/v2\/pages\/2\/revisions"}],"predecessor-version":[{"id":2212,"href":"http:\/\/adventista.hu\/balatonfured\/wp-json\/wp\/v2\/pages\/2\/revisions\/2212"}],"wp:attachment":[{"href":"http:\/\/adventista.hu\/balatonfured\/wp-json\/wp\/v2\/media?parent=2"}],"curies":[{"name":"wp","href":"https:\/\/api.w.org\/{rel}","templated":true}]}}